{"id":92,"date":"2021-06-30T16:10:33","date_gmt":"2021-06-30T19:10:33","guid":{"rendered":"https:\/\/aguiarandradeeng.com.br\/?page_id=92"},"modified":"2026-03-03T16:42:18","modified_gmt":"2026-03-03T19:42:18","slug":"institucional","status":"publish","type":"page","link":"https:\/\/aguiarandradeeng.com.br\/?page_id=92","title":{"rendered":"Institucional"},"content":{"rendered":"\t\t<div data-elementor-type=\"wp-page\" data-elementor-id=\"92\" class=\"elementor elementor-92\" data-elementor-settings=\"[]\">\n\t\t\t\t\t\t\t<div class=\"elementor-section-wrap\">\n\t\t\t\t\t\t\t<section class=\"elementor-section elementor-top-section elementor-element elementor-element-73f0d781 elementor-section-content-middle elementor-section-boxed elementor-section-height-default elementor-section-height-default\" data-id=\"73f0d781\" data-element_type=\"section\" data-settings=\"{&quot;background_background&quot;:&quot;classic&quot;,&quot;ekit_has_onepagescroll_dot&quot;:&quot;yes&quot;}\">\n\t\t\t\t\t\t\t<div class=\"elementor-background-overlay\"><\/div>\n\t\t\t\t\t\t\t<div class=\"elementor-container elementor-column-gap-no\">\n\t\t\t\t\t<div class=\"elementor-column elementor-col-100 elementor-top-column elementor-element elementor-element-572a9d11\" data-id=\"572a9d11\" data-element_type=\"column\">\n\t\t\t<div class=\"elementor-widget-wrap elementor-element-populated\">\n\t\t\t\t\t\t\t\t<div class=\"elementor-element elementor-element-5b18782b elementor-widget elementor-widget-heading\" data-id=\"5b18782b\" data-element_type=\"widget\" data-settings=\"{&quot;ekit_we_effect_on&quot;:&quot;none&quot;}\" data-widget_type=\"heading.default\">\n\t\t\t\t<div class=\"elementor-widget-container\">\n\t\t\t<h2 class=\"elementor-heading-title elementor-size-default\">Institucional<\/h2>\t\t<\/div>\n\t\t\t\t<\/div>\n\t\t\t\t<div class=\"elementor-element elementor-element-61b6b2c4 elementor-icon-list--layout-inline elementor-align-left elementor-mobile-align-center elementor-list-item-link-full_width elementor-widget elementor-widget-icon-list\" data-id=\"61b6b2c4\" data-element_type=\"widget\" data-settings=\"{&quot;ekit_we_effect_on&quot;:&quot;none&quot;}\" data-widget_type=\"icon-list.default\">\n\t\t\t\t<div class=\"elementor-widget-container\">\n\t\t\t\t\t<ul class=\"elementor-icon-list-items elementor-inline-items\">\n\t\t\t\t\t\t\t<li class=\"elementor-icon-list-item elementor-inline-item\">\n\t\t\t\t\t\t\t\t\t\t<span class=\"elementor-icon-list-text\">Home<\/span>\n\t\t\t\t\t\t\t\t\t<\/li>\n\t\t\t\t\t\t\t\t<li class=\"elementor-icon-list-item elementor-inline-item\">\n\t\t\t\t\t\t\t\t\t\t\t<span class=\"elementor-icon-list-icon\">\n\t\t\t\t\t\t\t<i aria-hidden=\"true\" class=\"fas fa-angle-right\"><\/i>\t\t\t\t\t\t<\/span>\n\t\t\t\t\t\t\t\t\t\t<span class=\"elementor-icon-list-text\">Institucional<\/span>\n\t\t\t\t\t\t\t\t\t<\/li>\n\t\t\t\t\t\t<\/ul>\n\t\t\t\t<\/div>\n\t\t\t\t<\/div>\n\t\t\t\t\t<\/div>\n\t\t<\/div>\n\t\t\t\t\t\t\t<\/div>\n\t\t<\/section>\n\t\t\t\t<section class=\"elementor-section elementor-top-section elementor-element elementor-element-5e8f7b3f elementor-section-boxed elementor-section-height-default elementor-section-height-default\" data-id=\"5e8f7b3f\" data-element_type=\"section\" data-settings=\"{&quot;background_background&quot;:&quot;classic&quot;,&quot;ekit_has_onepagescroll_dot&quot;:&quot;yes&quot;}\">\n\t\t\t\t\t\t<div class=\"elementor-container elementor-column-gap-default\">\n\t\t\t\t\t<div class=\"elementor-column elementor-col-50 elementor-top-column elementor-element elementor-element-5e3a04a4\" data-id=\"5e3a04a4\" data-element_type=\"column\">\n\t\t\t<div class=\"elementor-widget-wrap elementor-element-populated\">\n\t\t\t\t\t\t\t\t<div class=\"elementor-element elementor-element-5e0bb504 elementor-widget elementor-widget-heading\" data-id=\"5e0bb504\" data-element_type=\"widget\" data-settings=\"{&quot;ekit_we_effect_on&quot;:&quot;none&quot;}\" data-widget_type=\"heading.default\">\n\t\t\t\t<div class=\"elementor-widget-container\">\n\t\t\t<h2 class=\"elementor-heading-title elementor-size-default\">Quem Somos<\/h2>\t\t<\/div>\n\t\t\t\t<\/div>\n\t\t\t\t<div class=\"elementor-element elementor-element-71907b4d elementor-widget elementor-widget-text-editor\" data-id=\"71907b4d\" data-element_type=\"widget\" data-settings=\"{&quot;ekit_we_effect_on&quot;:&quot;none&quot;}\" data-widget_type=\"text-editor.default\">\n\t\t\t\t<div class=\"elementor-widget-container\">\n\t\t\t\t\t\t\t<p align=\"justify\">Com mais de 10 anos de experi\u00eancia, a Aguiar Andrade Engenharia \u00e9 refer\u00eancia no segmento, sempre prezando pela excel\u00eancia no servi\u00e7o e agilidade no atendimento dos seus clientes, fornecedores e colaboradores, com foco na efici\u00eancia e gest\u00e3o da qualidade.<\/p><p align=\"justify\">No setor de Projetos complementares (Instala\u00e7\u00f5es), utilizamos a tecnologia em BIM, conseguindo assim uma perfeita interrela\u00e7\u00e3o e compatibiliza\u00e7\u00e3o. Na \u00e1rea de Obras temos a expertise de trabalhar com o ferramental de alta tecnologia, oferecendo servi\u00e7os inovadores e m\u00e3o de obra especializada em instala\u00e7\u00f5es de m\u00e9dia e alta complexidade.<\/p><p align=\"justify\">A empresa conta com profissionais especializados e altamente capacitados, que atua de forma direta e indireta nos setores da Engenharia Civil e El\u00e9trica. Este Know-how agrega valor aos nossos projetos, obras e consultoria. Al\u00e9m disso, nossa empresa vem sempre buscando atualiza\u00e7\u00f5es e melhoria continua acerca dos processos, alinhando estrat\u00e9gia nos conhecimentos t\u00e9cnico, tecnologia e dom\u00ednio das solu\u00e7\u00f5es a serem ofertadas ao mercado.<\/p>\t\t\t\t\t\t<\/div>\n\t\t\t\t<\/div>\n\t\t\t\t\t<\/div>\n\t\t<\/div>\n\t\t\t\t<div class=\"elementor-column elementor-col-50 elementor-top-column elementor-element elementor-element-3c6eed85 elementor-hidden-phone\" data-id=\"3c6eed85\" data-element_type=\"column\">\n\t\t\t<div class=\"elementor-widget-wrap elementor-element-populated\">\n\t\t\t\t\t\t\t\t<div class=\"elementor-element elementor-element-3e4a37d5 elementor-widget elementor-widget-image\" data-id=\"3e4a37d5\" data-element_type=\"widget\" data-settings=\"{&quot;ekit_we_effect_on&quot;:&quot;none&quot;}\" data-widget_type=\"image.default\">\n\t\t\t\t<div class=\"elementor-widget-container\">\n\t\t\t\t\t\t\t\t\t\t\t\t\t\t\t<img loading=\"lazy\" decoding=\"async\" width=\"1\" height=\"1\" src=\"https:\/\/aguiarandradeeng.com.br\/wp-content\/uploads\/2021\/07\/shutterstock_1707223735-2-min_1.webp\" class=\"attachment-large size-large\" alt=\"\" \/>\t\t\t\t\t\t\t\t\t\t\t\t\t\t\t<\/div>\n\t\t\t\t<\/div>\n\t\t\t\t\t<\/div>\n\t\t<\/div>\n\t\t\t\t\t\t\t<\/div>\n\t\t<\/section>\n\t\t\t\t<section class=\"elementor-section elementor-top-section elementor-element elementor-element-371ccdbf elementor-section-boxed elementor-section-height-default elementor-section-height-default\" data-id=\"371ccdbf\" data-element_type=\"section\" data-settings=\"{&quot;background_background&quot;:&quot;classic&quot;,&quot;ekit_has_onepagescroll_dot&quot;:&quot;yes&quot;}\">\n\t\t\t\t\t\t\t<div class=\"elementor-background-overlay\"><\/div>\n\t\t\t\t\t\t\t<div class=\"elementor-container elementor-column-gap-default\">\n\t\t\t\t\t<div class=\"elementor-column elementor-col-33 elementor-top-column elementor-element elementor-element-0206ee8\" data-id=\"0206ee8\" data-element_type=\"column\">\n\t\t\t<div class=\"elementor-widget-wrap elementor-element-populated\">\n\t\t\t\t\t\t\t\t<div class=\"elementor-element elementor-element-2db8c445 elementor-widget elementor-widget-heading\" data-id=\"2db8c445\" data-element_type=\"widget\" data-settings=\"{&quot;ekit_we_effect_on&quot;:&quot;none&quot;}\" data-widget_type=\"heading.default\">\n\t\t\t\t<div class=\"elementor-widget-container\">\n\t\t\t<h2 class=\"elementor-heading-title elementor-size-default\">Aguiar Andrade Engenharia<\/h2>\t\t<\/div>\n\t\t\t\t<\/div>\n\t\t\t\t\t<\/div>\n\t\t<\/div>\n\t\t\t\t<div class=\"elementor-column elementor-col-66 elementor-top-column elementor-element elementor-element-0f386a0\" data-id=\"0f386a0\" data-element_type=\"column\">\n\t\t\t<div class=\"elementor-widget-wrap elementor-element-populated\">\n\t\t\t\t\t\t\t\t<div class=\"elementor-element elementor-element-126e502 elementor-widget elementor-widget-elementskit-simple-tab\" data-id=\"126e502\" data-element_type=\"widget\" data-settings=\"{&quot;ekit_we_effect_on&quot;:&quot;none&quot;}\" data-widget_type=\"elementskit-simple-tab.default\">\n\t\t\t\t<div class=\"elementor-widget-container\">\n\t\t\t<div class=\"ekit-wid-con\" >        <div class=\"elementkit-tab-wraper  \">\n            <ul class=\"nav nav-tabs elementkit-tab-nav  elementskit-fullwidth-tab\" role=\"tablist\">\n                                    <li class=\"elementkit-nav-item elementor-repeater-item-e7fb3c4\">\n                        <a class=\"elementkit-nav-link  active show top-pos\" id=\"content-e7fb3c469f33d987cc71-tab\" data-ekit-handler-id=\"miss-o\" data-ekit-toggle=\"tab\" data-target=\"#content-e7fb3c469f33d987cc71\" href=\"#Content-e7fb3c469f33d987cc71\"\n                            data-ekit-toggle-trigger=\"mouseenter\"\n                            role=\"tab\" aria-controls=\"Content-e7fb3c469f33d987cc71\" aria-selected=\"true\">\n                            <span class=\"fas fa-paper-plane elementskit-tab-icon\"><\/span>                            <span class=\"elementskit-tab-title\">Miss\u00e3o<\/span>\n                        <\/a>\n                    <\/li>\n                                        <li class=\"elementkit-nav-item elementor-repeater-item-9077dfd\">\n                        <a class=\"elementkit-nav-link  top-pos\" id=\"content-9077dfd69f33d987cc71-tab\" data-ekit-handler-id=\"vis-o\" data-ekit-toggle=\"tab\" data-target=\"#content-9077dfd69f33d987cc71\" href=\"#Content-9077dfd69f33d987cc71\"\n                            data-ekit-toggle-trigger=\"mouseenter\"\n                            role=\"tab\" aria-controls=\"Content-9077dfd69f33d987cc71\" aria-selected=\"true\">\n                            <span class=\"far fa-eye elementskit-tab-icon\"><\/span>                            <span class=\"elementskit-tab-title\">Vis\u00e3o<\/span>\n                        <\/a>\n                    <\/li>\n                                        <li class=\"elementkit-nav-item elementor-repeater-item-00f52ae\">\n                        <a class=\"elementkit-nav-link  top-pos\" id=\"content-00f52ae69f33d987cc71-tab\" data-ekit-handler-id=\"valores\" data-ekit-toggle=\"tab\" data-target=\"#content-00f52ae69f33d987cc71\" href=\"#Content-00f52ae69f33d987cc71\"\n                            data-ekit-toggle-trigger=\"mouseenter\"\n                            role=\"tab\" aria-controls=\"Content-00f52ae69f33d987cc71\" aria-selected=\"true\">\n                            <span class=\"fas fa-handshake elementskit-tab-icon\"><\/span>                            <span class=\"elementskit-tab-title\">Valores<\/span>\n                        <\/a>\n                    <\/li>\n                                <\/ul>\n\n            <div class=\"tab-content elementkit-tab-content\">\n                                    <div class=\"tab-pane elementkit-tab-pane elementor-repeater-item-e7fb3c4  active show\" id=\"content-e7fb3c469f33d987cc71\" role=\"tabpanel\"\n                         aria-labelledby=\"content-e7fb3c469f33d987cc71-tab\">\n                        <div class=\"animated fadeIn\">\n                            <p>Desenvolver solu\u00e7\u00f5es integradas e inovadoras em Engenharia de Projetos, Obras e Consultorias, promovendo a satisfa\u00e7\u00e3o cont\u00ednua de clientes e parceiros por meio de rela\u00e7\u00f5es transparentes e do firme compromisso com a responsabilidade social empresarial.<\/p>                        <\/div>\n                    <\/div>\n                                    <div class=\"tab-pane elementkit-tab-pane elementor-repeater-item-9077dfd \" id=\"content-9077dfd69f33d987cc71\" role=\"tabpanel\"\n                         aria-labelledby=\"content-9077dfd69f33d987cc71-tab\">\n                        <div class=\"animated fadeIn\">\n                            <p>Tornar-se refer\u00eancia nacional em Engenharia de Projetos, Obras e Consultorias, reconhecida pela excel\u00eancia nos servi\u00e7os e pelo compromisso com a responsabilidade social.<\/p>                        <\/div>\n                    <\/div>\n                                    <div class=\"tab-pane elementkit-tab-pane elementor-repeater-item-00f52ae \" id=\"content-00f52ae69f33d987cc71\" role=\"tabpanel\"\n                         aria-labelledby=\"content-00f52ae69f33d987cc71-tab\">\n                        <div class=\"animated fadeIn\">\n                            <p>\u00c9tica e Transpar\u00eancia: Atuar com integridade em todas as rela\u00e7\u00f5es com clientes, colaboradores, parceiros e a sociedade.<br \/>Excel\u00eancia e Desenvolvimento: Buscar a qualidade nos servi\u00e7os prestados e o crescimento pessoal e profissional dos colaboradores, visando \u00e0 satisfa\u00e7\u00e3o de todas as partes envolvidas.<br \/>Sustentabilidade e Responsabilidade Ambiental: Respeitar o meio ambiente e promover pr\u00e1ticas sustent\u00e1veis que conciliem empreendedorismo, desenvolvimento econ\u00f4mico, social e ambiental.<br \/>Seguran\u00e7a e Valoriza\u00e7\u00e3o da Vida: Garantir a seguran\u00e7a nas atividades por meio da rigorosa observ\u00e2ncia das normas e do compromisso com a preserva\u00e7\u00e3o da vida.<\/p>                        <\/div>\n                    <\/div>\n                            <\/div>\n        <\/div>\n    <\/div>\t\t<\/div>\n\t\t\t\t<\/div>\n\t\t\t\t\t<\/div>\n\t\t<\/div>\n\t\t\t\t\t\t\t<\/div>\n\t\t<\/section>\n\t\t\t\t<section class=\"elementor-section elementor-top-section elementor-element elementor-element-7ba73de elementor-section-boxed elementor-section-height-default elementor-section-height-default\" data-id=\"7ba73de\" data-element_type=\"section\" data-settings=\"{&quot;ekit_has_onepagescroll_dot&quot;:&quot;yes&quot;}\">\n\t\t\t\t\t\t<div class=\"elementor-container elementor-column-gap-default\">\n\t\t\t\t\t<div class=\"elementor-column elementor-col-100 elementor-top-column elementor-element elementor-element-7a5a80c\" data-id=\"7a5a80c\" data-element_type=\"column\">\n\t\t\t<div class=\"elementor-widget-wrap elementor-element-populated\">\n\t\t\t\t\t\t\t\t<section class=\"elementor-section elementor-inner-section elementor-element elementor-element-7d03ecf elementor-section-content-middle elementor-section-boxed elementor-section-height-default elementor-section-height-default\" data-id=\"7d03ecf\" data-element_type=\"section\" data-settings=\"{&quot;background_background&quot;:&quot;classic&quot;,&quot;ekit_has_onepagescroll_dot&quot;:&quot;yes&quot;}\">\n\t\t\t\t\t\t<div class=\"elementor-container elementor-column-gap-no\">\n\t\t\t\t\t<div class=\"elementor-column elementor-col-50 elementor-inner-column elementor-element elementor-element-dcb7cbb\" data-id=\"dcb7cbb\" data-element_type=\"column\" data-settings=\"{&quot;background_background&quot;:&quot;classic&quot;}\">\n\t\t\t<div class=\"elementor-widget-wrap elementor-element-populated\">\n\t\t\t\t\t\t\t\t<div class=\"elementor-element elementor-element-2fa1d31 elementor-position-left elementor-vertical-align-middle elementor-view-default elementor-widget elementor-widget-icon-box\" data-id=\"2fa1d31\" data-element_type=\"widget\" data-settings=\"{&quot;ekit_we_effect_on&quot;:&quot;none&quot;}\" data-widget_type=\"icon-box.default\">\n\t\t\t\t<div class=\"elementor-widget-container\">\n\t\t\t\t\t<div class=\"elementor-icon-box-wrapper\">\n\t\t\t\t\t\t<div class=\"elementor-icon-box-icon\">\n\t\t\t\t<span class=\"elementor-icon elementor-animation-\" >\n\t\t\t\t<i aria-hidden=\"true\" class=\"icon icon-agenda\"><\/i>\t\t\t\t<\/span>\n\t\t\t<\/div>\n\t\t\t\t\t\t<div class=\"elementor-icon-box-content\">\n\t\t\t\t<h3 class=\"elementor-icon-box-title\">\n\t\t\t\t\t<span  >\n\t\t\t\t\t\tNos envie seu Curriculo\t\t\t\t\t<\/span>\n\t\t\t\t<\/h3>\n\t\t\t\t\t\t\t\t\t<p class=\"elementor-icon-box-description\">\n\t\t\t\t\t\tGostaria de trabalhar conosco?\t\t\t\t\t<\/p>\n\t\t\t\t\t\t\t<\/div>\n\t\t<\/div>\n\t\t\t\t<\/div>\n\t\t\t\t<\/div>\n\t\t\t\t\t<\/div>\n\t\t<\/div>\n\t\t\t\t<div class=\"elementor-column elementor-col-50 elementor-inner-column elementor-element elementor-element-77e3d10\" data-id=\"77e3d10\" data-element_type=\"column\" data-settings=\"{&quot;background_background&quot;:&quot;classic&quot;}\">\n\t\t\t<div class=\"elementor-widget-wrap elementor-element-populated\">\n\t\t\t\t\t\t\t\t<div class=\"elementor-element elementor-element-375ecad elementor-align-right elementor-mobile-align-center elementor-widget elementor-widget-button\" data-id=\"375ecad\" data-element_type=\"widget\" data-settings=\"{&quot;ekit_we_effect_on&quot;:&quot;none&quot;}\" data-widget_type=\"button.default\">\n\t\t\t\t<div class=\"elementor-widget-container\">\n\t\t\t\t\t<div class=\"elementor-button-wrapper\">\n\t\t\t<a href=\"https:\/\/aguiarandradeeng.com.br\/trabalhe-conosco\/\" class=\"elementor-button-link elementor-button elementor-size-sm\" role=\"button\">\n\t\t\t\t\t\t<span class=\"elementor-button-content-wrapper\">\n\t\t\t\t\t\t<span class=\"elementor-button-text\">Enviar Curriculo<\/span>\n\t\t<\/span>\n\t\t\t\t\t<\/a>\n\t\t<\/div>\n\t\t\t\t<\/div>\n\t\t\t\t<\/div>\n\t\t\t\t\t<\/div>\n\t\t<\/div>\n\t\t\t\t\t\t\t<\/div>\n\t\t<\/section>\n\t\t\t\t\t<\/div>\n\t\t<\/div>\n\t\t\t\t\t\t\t<\/div>\n\t\t<\/section>\n\t\t\t\t\t\t<\/div>\n\t\t\t\t\t<\/div>\n\t\t","protected":false},"excerpt":{"rendered":"<p>Institucional Home Institucional Quem Somos Com mais de 10 anos de experi\u00eancia, a Aguiar Andrade Engenharia \u00e9 refer\u00eancia no segmento, sempre prezando pela excel\u00eancia no servi\u00e7o e agilidade no atendimento dos seus clientes, fornecedores e colaboradores, com foco na efici\u00eancia e gest\u00e3o da qualidade. No setor de Projetos complementares (Instala\u00e7\u00f5es), utilizamos a tecnologia em BIM, [&hellip;]<\/p>\n","protected":false},"author":1,"featured_media":0,"parent":0,"menu_order":0,"comment_status":"closed","ping_status":"closed","template":"elementor_theme","meta":{"inline_featured_image":false,"footnotes":""},"class_list":["post-92","page","type-page","status-publish","hentry"],"_links":{"self":[{"href":"https:\/\/aguiarandradeeng.com.br\/index.php?rest_route=\/wp\/v2\/pages\/92","targetHints":{"allow":["GET"]}}],"collection":[{"href":"https:\/\/aguiarandradeeng.com.br\/index.php?rest_route=\/wp\/v2\/pages"}],"about":[{"href":"https:\/\/aguiarandradeeng.com.br\/index.php?rest_route=\/wp\/v2\/types\/page"}],"author":[{"embeddable":true,"href":"https:\/\/aguiarandradeeng.com.br\/index.php?rest_route=\/wp\/v2\/users\/1"}],"replies":[{"embeddable":true,"href":"https:\/\/aguiarandradeeng.com.br\/index.php?rest_route=%2Fwp%2Fv2%2Fcomments&post=92"}],"version-history":[{"count":12,"href":"https:\/\/aguiarandradeeng.com.br\/index.php?rest_route=\/wp\/v2\/pages\/92\/revisions"}],"predecessor-version":[{"id":2480,"href":"https:\/\/aguiarandradeeng.com.br\/index.php?rest_route=\/wp\/v2\/pages\/92\/revisions\/2480"}],"wp:attachment":[{"href":"https:\/\/aguiarandradeeng.com.br\/index.php?rest_route=%2Fwp%2Fv2%2Fmedia&parent=92"}],"curies":[{"name":"wp","href":"https:\/\/api.w.org\/{rel}","templated":true}]}}